{"id":103,"date":"2023-10-04T08:47:53","date_gmt":"2023-10-04T06:47:53","guid":{"rendered":"https:\/\/tauli.cat\/sabadellgentgran\/?page_id=103"},"modified":"2024-11-20T10:02:30","modified_gmt":"2024-11-20T09:02:30","slug":"privacitat","status":"publish","type":"page","link":"https:\/\/tauli.cat\/sabadellgentgran\/privacitat\/","title":{"rendered":"Privacitat"},"content":{"rendered":"<section class=\"wpb-content-wrapper\"><p>[vc_row][vc_column][vc_tta_tour][vc_tta_section title=\u00bbInformaci\u00f3 sobre protecci\u00f3 de dades\u00bb tab_id=\u00bb1659603388117-4b02bda0-8afc\u00bb][vc_column_text]<\/p>\n<h2>Informaci\u00f3 sobre protecci\u00f3 de dades<\/h2>\n<h3>Informaci\u00f3 b\u00e0sica<\/h3>\n<h4>Responsable de tractament<\/h4>\n<p>Consorci Corporaci\u00f3 Sanit\u00e0ria Parc Taul\u00ed de Sabadell<\/p>\n<h4>Finalitat del tractament<\/h4>\n<p>Diverses que es detallen en l&#8217;apartat d<a href=\"#infadicional\">&#8216;informaci\u00f3 addicional<\/a>.<\/p>\n<h4>Legitimaci\u00f3 del tractament<\/h4>\n<p>Legislaci\u00f3 m\u00e9s important:<\/p>\n<ul>\n<li>Llei Org\u00e0nica 3\/2018, de 5 de desembre, de Protecci\u00f3 de Dades Personals i garantia dels drets digitals.<\/li>\n<li>Reglament 2016\/679 del Parlament Europeu relatiu a la protecci\u00f3 de les persones f\u00edsiques pel que respecta al tractament de dades personals i a la lliure circulaci\u00f3 d\u2019aquestes dades.<\/li>\n<\/ul>\n<p>En cada activitat de tractament es detalla, si hi ha altra legislaci\u00f3 a tenir en compte.<\/p>\n<h4>Destinataris<\/h4>\n<p>No es cediran les dades a tercers excepte obligaci\u00f3 legal o necessitats espec\u00edfiques de tractament de dades. El detall est\u00e0 en cada activitat de tractament.<\/p>\n<h4>Drets<\/h4>\n<p>Informaci\u00f3, Acc\u00e9s, Rectificaci\u00f3, Supressi\u00f3, Limitaci\u00f3, Portabilitat i Oposici\u00f3, com s&#8217;explica en la <a href=\"#infadicional\">informaci\u00f3 addicional<\/a>.<\/p>\n<p>Pot exercir els seus drets a trav\u00e9s del Delegat de Protecci\u00f3 de Dades.<\/p>\n<h4>Delegat de Protecci\u00f3 de dades<\/h4>\n<p>Antonio Llamas Losilla<\/p>\n<p>Consorci Corporaci\u00f3 Sanit\u00e0ria Parc Taul\u00ed de Sabadell<br \/>\nParc del Taul\u00ed, 1<br \/>\n08208 Sabadell<\/p>\n<ul>\n<li class=\"icon-list mail\"><a href=\"mailto:dpd@tauli.cat\">dpd@tauli.cat<\/a><\/li>\n<\/ul>\n<h3><a name=\"infadicional\"><\/a>Informaci\u00f3 addicional<\/h3>\n<h4>Quina \u00e9s la finalitat del tractament?<\/h4>\n<p>Est\u00e0 detallat en cada activitat de tractament\u00b9.<\/p>\n<h4>Durant quant temps es guardaran les dades?<\/h4>\n<p>Les dades recollides per a les finalitats esmentades anteriorment es conservaran el temps imprescindible que justifica la seva recollida i estan detallades en cada activitat de tractament.<\/p>\n<h4>Quina \u00e9s la legitimaci\u00f3 del tractament?<\/h4>\n<p>Est\u00e0 detallat en cada activitat de tractament.<\/p>\n<h4>A quins destinataris es comunicaran les dades?<\/h4>\n<p>Segons es determina en el detall en cada activitat de tractament.<\/p>\n<p>\u00b9 Inclosa al Registre d&#8217;Activitats de Tractament (RAT)<\/p>\n<h3><a id=\"rat\"><\/a>Registre d&#8217;Activitats de Tractament (RAT)<\/h3>\n<p>El Registre d&#8217;Activitats de Tractament \u00e9s un registre de les diferents operacions que realitzen sobre dades o conjunts de dades personals. \u00c9s conseq\u00fc\u00e8ncia del compliment de l\u2019article 30.1 del Reglament (UE) 679\/2016 del Parlament Europeu i del Consell, de 27 d\u2019abril de 2016, relatiu a la protecci\u00f3 de les persones f\u00edsiques pel que fa al tractament de dades personals i a la lliure circulaci\u00f3 d\u2019aquestes dades (RGPD) i l\u2019article 31 de la Llei org\u00e0nica 3\/2018, de 5 de desembre, de protecci\u00f3 de dades personals i garantia dels drets digitals (LOPDGDD).<\/p>\n<p><a title=\"Enlla\u00e7 al RAT de Fundaci\u00f3 Parc Taul\u00ed - Institutd'Investigaci\u00f3 i Innovaci\u00f3 Parc Taul\u00ed I3PT\" href=\"https:\/\/www.tauli.cat\/institut\/wp-content\/uploads\/2022\/08\/RATFPT.pdf\" target=\"_blank\" rel=\"noopener\">RAT de la Fundaci\u00f3 Institut d&#8217;Investigaci\u00f3 i Innovaci\u00f3 Parc Taul\u00ed (I3PT)<\/a>[\/vc_column_text][\/vc_tta_section][vc_tta_section title=\u00bbAdreces de correu electr\u00f2nic\u00bb tab_id=\u00bb1659605723249-8274d161-a646&#8243;][vc_column_text]Les adreces electr\u00f2niques dels professionals del Consorci Corporaci\u00f3 Sanit\u00e0ria Parc Taul\u00ed de Sabadell que apareixen en aquest web es difonen per facilitar la comunicaci\u00f3 entre professionals i amb els ciutadans. En cap cas per ser emprades per a la difusi\u00f3 de publicitat en qualsevol dels seus formats.[\/vc_column_text][\/vc_tta_section][\/vc_tta_tour][\/vc_column][\/vc_row][vc_row][vc_column][\/vc_column][\/vc_row][vc_row][vc_column][\/vc_column][\/vc_row]<\/p>\n<\/section>","protected":false},"excerpt":{"rendered":"<p>[vc_row][vc_column][vc_tta_tour][vc_tta_section title=\u00bbInformaci\u00f3 sobre protecci\u00f3 de dades\u00bb tab_id=\u00bb1659603388117-4b02bda0-8afc\u00bb][vc_column_text] Informaci\u00f3 sobre protecci\u00f3 de dades Informaci\u00f3 b\u00e0sica Responsable de tractament Consorci Corporaci\u00f3 Sanit\u00e0ria Parc Taul\u00ed de Sabadell Finalitat del tractament Diverses que es detallen en l&#8217;apartat d&#8216;informaci\u00f3 addicional. Legitimaci\u00f3 del tractament Legislaci\u00f3 m\u00e9s important: Llei Org\u00e0nica 3\/2018, de 5 de desembre, de Protecci\u00f3 de Dades Personals i garantia [&hellip;]<\/p>\n","protected":false},"author":1,"featured_media":0,"parent":0,"menu_order":0,"comment_status":"closed","ping_status":"closed","template":"","meta":{"footnotes":""},"class_list":["post-103","page","type-page","status-publish","hentry"],"_links":{"self":[{"href":"https:\/\/tauli.cat\/sabadellgentgran\/wp-json\/wp\/v2\/pages\/103"}],"collection":[{"href":"https:\/\/tauli.cat\/sabadellgentgran\/wp-json\/wp\/v2\/pages"}],"about":[{"href":"https:\/\/tauli.cat\/sabadellgentgran\/wp-json\/wp\/v2\/types\/page"}],"author":[{"embeddable":true,"href":"https:\/\/tauli.cat\/sabadellgentgran\/wp-json\/wp\/v2\/users\/1"}],"replies":[{"embeddable":true,"href":"https:\/\/tauli.cat\/sabadellgentgran\/wp-json\/wp\/v2\/comments?post=103"}],"version-history":[{"count":2,"href":"https:\/\/tauli.cat\/sabadellgentgran\/wp-json\/wp\/v2\/pages\/103\/revisions"}],"predecessor-version":[{"id":354,"href":"https:\/\/tauli.cat\/sabadellgentgran\/wp-json\/wp\/v2\/pages\/103\/revisions\/354"}],"wp:attachment":[{"href":"https:\/\/tauli.cat\/sabadellgentgran\/wp-json\/wp\/v2\/media?parent=103"}],"curies":[{"name":"wp","href":"https:\/\/api.w.org\/{rel}","templated":true}]}}