{"id":170,"date":"2023-11-20T11:39:17","date_gmt":"2023-11-20T10:39:17","guid":{"rendered":"http:\/\/tauli.cat\/sabadellgentgran\/?page_id=170"},"modified":"2026-02-02T07:17:20","modified_gmt":"2026-02-02T06:17:20","slug":"centre-datencio-diurna","status":"publish","type":"page","link":"https:\/\/tauli.cat\/sabadellgentgran\/centre-datencio-diurna\/","title":{"rendered":"Centre d&#8217;Atenci\u00f3 Di\u00fcrna"},"content":{"rendered":"<section class=\"wpb-content-wrapper\"><p>[vc_row][vc_column][vc_tta_tabs active_section=\u00bb1&#8243; el_class=\u00bbgroup\u00bb][vc_tta_section title=\u00bbPresentaci\u00f3\u00bb tab_id=\u00bbpresentacio\u00bb][vc_row_inner css=\u00bb.vc_custom_1695369277347{background-color: #ffffff !important;}\u00bb][vc_column_inner css=\u00bb.vc_custom_1695371192662{margin-bottom: 4rem !important;}\u00bb][vc_column_text]En aquest centre s&#8217;ofereixen serveis di\u00fcrns (12 hores al dia, festius inclosos) d&#8217;assist\u00e8ncia integral a les activitats de la vida di\u00e0ria per a les persones grans amb depend\u00e8ncies, oberts a tots els ciutadans.<\/p>\n<p><strong>Objectius:<\/strong>\u00a0Facilitar un entorn compensatori a la llar, adequat i adaptat a les necessitats d&#8217;assist\u00e8ncia. Afavorir la recuperaci\u00f3 i el manteniment del m\u00e0xim grau d&#8217;autonomia personal i social. Mantenir l&#8217;acceptaci\u00f3 de la persona amb discapacitats en el seu entorn sociofamiliar. Proporcionar suport a les fam\u00edlies que tenen cura de les persones grans.<\/p>\n<p><strong>Destinataris:<\/strong>\u00a0Persones grans amb un baix nivell de depend\u00e8ncia que necessitin organitzaci\u00f3, supervisi\u00f3 i assist\u00e8ncia en el desenvolupament de les activitats de la vida di\u00e0ria, i que veuen complementada la seva atenci\u00f3 en l&#8217;entorn sociofamiliar.[\/vc_column_text][\/vc_column_inner][\/vc_row_inner][\/vc_tta_section][vc_tta_section title=\u00bbTarifes\u00bb tab_id=\u00bbtarifes\u00bb]<h3 class=\"eut-element eut-align-left eut-title-no-line\" style=\"\"><span>Tarifes dies laborables<\/span><\/h3>[vc_row_inner][vc_column_inner width=\u00bb1\/3&#8243; css=\u00bb.vc_custom_1695287881633{margin-bottom: 2rem !important;}\u00bb]<div class=\"eut-element eut-pricing-table eut-animated-item eut-fadeInDown price-card-doble\" style=\"margin-bottom: 2rem;\" data-delay=\"200\">  <div class=\"eut-pricing-header\">    <div class=\"eut-subtitle eut-pricing-title eut-bg-primary-1\">M\u00f2dul de 6 hores<\/div>    <h4 class=\"eut-price eut-bg-primary-1\">30,64 \u20ac <span>\/dia<\/span><\/h4>  <\/div>  <ul><li><strong>\u00c0pats principals <\/strong><\/li><li><strong> esmorzar i berenar <\/strong><\/li><li><strong>Ajudes t\u00e8cniques <\/strong><\/li><li><strong>Acompanyament a les activitats programades f\u00f3ra del Centre <\/strong><\/li><li><strong>Higiene personal i tractaments de fisioter\u00e0pia quan sigui necessari <\/strong><\/li><li><strong>Ter\u00e0pia ocupacional dintre de les activitats programades <\/strong><\/li><li><strong>Atenci\u00f3 d'infermeria <\/strong><\/li><li><strong>Activitats de lleure <\/strong><\/li><li><strong>Suport religi\u00f3s <\/strong><\/li><li><strong>Suport psicol\u00f2gic <\/strong><\/li><li><strong>Atenci\u00f3 social <\/strong><\/li>  <\/ul><a class=\"eut-btn eut-btn-small eut-round eut-bg-primary-3 btn-card\" href=\"#\" target=\"_self\" style=\"\"><span>Qu\u00e8 inclou?<\/span><\/a><\/div>[\/vc_column_inner][vc_column_inner width=\u00bb1\/3&#8243;]<div class=\"eut-element eut-pricing-table eut-animated-item eut-fadeInDown price-card-doble\" style=\"margin-bottom: 2rem;\" data-delay=\"200\">  <div class=\"eut-pricing-header\">    <div class=\"eut-subtitle eut-pricing-title eut-bg-primary-1\">M\u00f2dul de 8 hores<\/div>    <h4 class=\"eut-price eut-bg-primary-1\">38,02 \u20ac <span>\/dia<\/span><\/h4>  <\/div>  <ul><li><strong>\u00c0pats principals <\/strong><\/li><li><strong> esmorzar i berenar <\/strong><\/li><li><strong>Ajudes t\u00e8cniques <\/strong><\/li><li><strong>Acompanyament a les activitats programades f\u00f3ra del Centre <\/strong><\/li><li><strong>Higiene personal i tractaments de fisioter\u00e0pia quan sigui necessari <\/strong><\/li><li><strong>Ter\u00e0pia ocupacional dintre de les activitats programades <\/strong><\/li><li><strong>Atenci\u00f3 d'infermeria <\/strong><\/li><li><strong>Activitats de lleure <\/strong><\/li><li><strong>Suport religi\u00f3s <\/strong><\/li><li><strong>Suport psicol\u00f2gic <\/strong><\/li><li><strong>Atenci\u00f3 social <\/strong><\/li>  <\/ul><a class=\"eut-btn eut-btn-small eut-round eut-bg-primary-3 btn-card\" href=\"#\" target=\"_self\" style=\"\"><span>Qu\u00e8 inclou?<\/span><\/a><\/div>[\/vc_column_inner][vc_column_inner width=\u00bb1\/3&#8243;]<div class=\"eut-element eut-pricing-table eut-animated-item eut-fadeInDown price-card-doble\" style=\"margin-bottom: 2rem;\" data-delay=\"200\">  <div class=\"eut-pricing-header\">    <div class=\"eut-subtitle eut-pricing-title eut-bg-primary-1\">M\u00f2dul de 12 hores<\/div>    <h4 class=\"eut-price eut-bg-primary-1\">45,32 \u20ac <span>\/dia<\/span><\/h4>  <\/div>  <ul><li><strong>\u00c0pats principals <\/strong><\/li><li><strong> esmorzar i berenar <\/strong><\/li><li><strong>Ajudes t\u00e8cniques <\/strong><\/li><li><strong>Acompanyament a les activitats programades f\u00f3ra del Centre <\/strong><\/li><li><strong>Higiene personal i tractaments de fisioter\u00e0pia quan sigui necessari <\/strong><\/li><li><strong>Ter\u00e0pia ocupacional dintre de les activitats programades <\/strong><\/li><li><strong>Atenci\u00f3 d'infermeria <\/strong><\/li><li><strong>Activitats de lleure <\/strong><\/li><li><strong>Suport religi\u00f3s <\/strong><\/li><li><strong>Suport psicol\u00f2gic <\/strong><\/li><li><strong>Atenci\u00f3 social <\/strong><\/li>  <\/ul><a class=\"eut-btn eut-btn-small eut-round eut-bg-primary-3 btn-card\" href=\"#\" target=\"_self\" style=\"\"><span>Qu\u00e8 inclou?<\/span><\/a><\/div>[\/vc_column_inner][\/vc_row_inner]<h3 class=\"eut-element eut-align-left eut-title-no-line\" style=\"\"><span>Tarifes dies festius<\/span><\/h3>[vc_row_inner][vc_column_inner width=\u00bb1\/3&#8243; css=\u00bb.vc_custom_1695287881633{margin-bottom: 2rem !important;}\u00bb]<div class=\"eut-element eut-pricing-table eut-animated-item eut-fadeInDown price-card-doble\" style=\"margin-bottom: 2rem;\" data-delay=\"200\">  <div class=\"eut-pricing-header\">    <div class=\"eut-subtitle eut-pricing-title eut-bg-primary-1\">M\u00f2dul de 6 hores<\/div>    <h4 class=\"eut-price eut-bg-primary-1\">39,23 \u20ac <span>\/dia<\/span><\/h4>  <\/div>  <ul><li><strong>\u00c0pats principals <\/strong><\/li><li><strong> esmorzar i berenar <\/strong><\/li><li><strong>Ajudes t\u00e8cniques <\/strong><\/li><li><strong>Acompanyament a les activitats programades f\u00f3ra del Centre <\/strong><\/li><li><strong>Higiene personal i tractaments de fisioter\u00e0pia quan sigui necessari <\/strong><\/li><li><strong>Ter\u00e0pia ocupacional dintre de les activitats programades <\/strong><\/li><li><strong>Atenci\u00f3 d'infermeria <\/strong><\/li><li><strong>Activitats de lleure <\/strong><\/li><li><strong>Suport religi\u00f3s <\/strong><\/li><li><strong>Suport psicol\u00f2gic <\/strong><\/li><li><strong>Atenci\u00f3 social <\/strong><\/li>  <\/ul><a class=\"eut-btn eut-btn-small eut-round eut-bg-primary-3 btn-card\" href=\"#\" target=\"_self\" style=\"\"><span>Qu\u00e8 inclou?<\/span><\/a><\/div>[\/vc_column_inner][vc_column_inner width=\u00bb1\/3&#8243;]<div class=\"eut-element eut-pricing-table eut-animated-item eut-fadeInDown price-card-doble\" style=\"margin-bottom: 2rem;\" data-delay=\"200\">  <div class=\"eut-pricing-header\">    <div class=\"eut-subtitle eut-pricing-title eut-bg-primary-1\">M\u00f2dul de 8 hores<\/div>    <h4 class=\"eut-price eut-bg-primary-1\">49,06 \u20ac <span>\/dia<\/span><\/h4>  <\/div>  <ul><li><strong>\u00c0pats principals <\/strong><\/li><li><strong> esmorzar i berenar <\/strong><\/li><li><strong>Ajudes t\u00e8cniques <\/strong><\/li><li><strong>Acompanyament a les activitats programades f\u00f3ra del Centre <\/strong><\/li><li><strong>Higiene personal i tractaments de fisioter\u00e0pia quan sigui necessari <\/strong><\/li><li><strong>Ter\u00e0pia ocupacional dintre de les activitats programades <\/strong><\/li><li><strong>Atenci\u00f3 d'infermeria <\/strong><\/li><li><strong>Activitats de lleure <\/strong><\/li><li><strong>Suport religi\u00f3s <\/strong><\/li><li><strong>Suport psicol\u00f2gic <\/strong><\/li><li><strong>Atenci\u00f3 social <\/strong><\/li>  <\/ul><a class=\"eut-btn eut-btn-small eut-round eut-bg-primary-3 btn-card\" href=\"#\" target=\"_self\" style=\"\"><span>Qu\u00e8 inclou?<\/span><\/a><\/div>[\/vc_column_inner][vc_column_inner width=\u00bb1\/3&#8243;]<div class=\"eut-element eut-pricing-table eut-animated-item eut-fadeInDown price-card-doble\" style=\"margin-bottom: 2rem;\" data-delay=\"200\">  <div class=\"eut-pricing-header\">    <div class=\"eut-subtitle eut-pricing-title eut-bg-primary-1\">M\u00f2dul de 12 hores<\/div>    <h4 class=\"eut-price eut-bg-primary-1\">61,28 \u20ac <span>\/dia<\/span><\/h4>  <\/div>  <ul><li><strong>\u00c0pats principals <\/strong><\/li><li><strong> esmorzar i berenar <\/strong><\/li><li><strong>Ajudes t\u00e8cniques <\/strong><\/li><li><strong>Acompanyament a les activitats programades f\u00f3ra del Centre <\/strong><\/li><li><strong>Higiene personal i tractaments de fisioter\u00e0pia quan sigui necessari <\/strong><\/li><li><strong>Ter\u00e0pia ocupacional dintre de les activitats programades <\/strong><\/li><li><strong>Atenci\u00f3 d'infermeria <\/strong><\/li><li><strong>Activitats de lleure <\/strong><\/li><li><strong>Suport religi\u00f3s <\/strong><\/li><li><strong>Suport psicol\u00f2gic <\/strong><\/li><li><strong>Atenci\u00f3 social <\/strong><\/li>  <\/ul><a class=\"eut-btn eut-btn-small eut-round eut-bg-primary-3 btn-card\" href=\"#\" target=\"_self\" style=\"\"><span>Qu\u00e8 inclou?<\/span><\/a><\/div>[\/vc_column_inner][\/vc_row_inner][vc_row_inner][vc_column_inner width=\u00bb1\/4&#8243;][\/vc_column_inner][vc_column_inner width=\u00bb1\/2&#8243;]<blockquote class=\"eut-element eut-animated-item eut-fadeInDown\" style=\"margin-bottom: 4rem;\" data-delay=\"200\"><p>Les persones que es trobin en situaci\u00f3 de depend\u00e8ncia i reuneixin els requisits establerts, poden optar a les prestacions que marca la Llei per a les places particulars. Informi-se\u2019n.<\/p><\/blockquote>[\/vc_column_inner][vc_column_inner width=\u00bb1\/4&#8243;][\/vc_column_inner][\/vc_row_inner][vc_column_text](* Preus amb IVA incl\u00f2s. Dip\u00f2sit de 15 dies segons el servei contractat.)[\/vc_column_text][\/vc_tta_section][vc_tta_section title=\u00bbGaleria\u00bb tab_id=\u00bbgaleria-centre-atencio-diurna\u00bb]<div class=\"eut-element eut-gallery eut-isotope eut-gallery-popup eut-with-gap\" style=\"\" data-columns=\"3\" data-columns-tablet-landscape=\"2\" data-columns-tablet-portrait=\"2\" data-columns-mobile=\"1\" data-layout=\"fitRows\">  <div class=\"eut-isotope-container\"><div class=\"eut-isotope-item \"><a href=\"https:\/\/tauli.cat\/sabadellgentgran\/wp-content\/uploads\/2025\/02\/sabadellgentgran-centredia-1.jpg\">    <figure class=\"eut-image-hover eut-zoom-in\">      <div class=\"eut-media eut-light-overlay eut-opacity-0\"><img loading=\"lazy\" decoding=\"async\" width=\"600\" height=\"600\" src=\"https:\/\/tauli.cat\/sabadellgentgran\/wp-content\/uploads\/2025\/02\/sabadellgentgran-centredia-1-600x600.jpg\" class=\"attachment-eut-image-small-square size-eut-image-small-square\" alt=\"\" srcset=\"https:\/\/tauli.cat\/sabadellgentgran\/wp-content\/uploads\/2025\/02\/sabadellgentgran-centredia-1-600x600.jpg 600w, https:\/\/tauli.cat\/sabadellgentgran\/wp-content\/uploads\/2025\/02\/sabadellgentgran-centredia-1-150x150.jpg 150w\" sizes=\"(max-width: 600px) 100vw, 600px\" \/>      <\/div>      <figcaption>      <\/figcaption>    <\/figure><\/a><\/div><div class=\"eut-isotope-item \"><a href=\"https:\/\/tauli.cat\/sabadellgentgran\/wp-content\/uploads\/2025\/02\/sabadellgentgran-centredia-2.jpg\">    <figure class=\"eut-image-hover eut-zoom-in\">      <div class=\"eut-media eut-light-overlay eut-opacity-0\"><img loading=\"lazy\" decoding=\"async\" width=\"600\" height=\"600\" src=\"https:\/\/tauli.cat\/sabadellgentgran\/wp-content\/uploads\/2025\/02\/sabadellgentgran-centredia-2-600x600.jpg\" class=\"attachment-eut-image-small-square size-eut-image-small-square\" alt=\"\" srcset=\"https:\/\/tauli.cat\/sabadellgentgran\/wp-content\/uploads\/2025\/02\/sabadellgentgran-centredia-2-600x600.jpg 600w, https:\/\/tauli.cat\/sabadellgentgran\/wp-content\/uploads\/2025\/02\/sabadellgentgran-centredia-2-150x150.jpg 150w\" sizes=\"(max-width: 600px) 100vw, 600px\" \/>      <\/div>      <figcaption>      <\/figcaption>    <\/figure><\/a><\/div><div class=\"eut-isotope-item \"><a href=\"https:\/\/tauli.cat\/sabadellgentgran\/wp-content\/uploads\/2025\/02\/sabadellgentgran-centredia-3.jpg\">    <figure class=\"eut-image-hover eut-zoom-in\">      <div class=\"eut-media eut-light-overlay eut-opacity-0\"><img loading=\"lazy\" decoding=\"async\" width=\"600\" height=\"600\" src=\"https:\/\/tauli.cat\/sabadellgentgran\/wp-content\/uploads\/2025\/02\/sabadellgentgran-centredia-3-600x600.jpg\" class=\"attachment-eut-image-small-square size-eut-image-small-square\" alt=\"\" srcset=\"https:\/\/tauli.cat\/sabadellgentgran\/wp-content\/uploads\/2025\/02\/sabadellgentgran-centredia-3-600x600.jpg 600w, https:\/\/tauli.cat\/sabadellgentgran\/wp-content\/uploads\/2025\/02\/sabadellgentgran-centredia-3-150x150.jpg 150w\" sizes=\"(max-width: 600px) 100vw, 600px\" \/>      <\/div>      <figcaption>      <\/figcaption>    <\/figure><\/a><\/div><div class=\"eut-isotope-item \"><a href=\"https:\/\/tauli.cat\/sabadellgentgran\/wp-content\/uploads\/2025\/02\/sabadellgentgran-centredia-4.jpg\">    <figure class=\"eut-image-hover eut-zoom-in\">      <div class=\"eut-media eut-light-overlay eut-opacity-0\"><img loading=\"lazy\" decoding=\"async\" width=\"600\" height=\"600\" src=\"https:\/\/tauli.cat\/sabadellgentgran\/wp-content\/uploads\/2025\/02\/sabadellgentgran-centredia-4-600x600.jpg\" class=\"attachment-eut-image-small-square size-eut-image-small-square\" alt=\"\" srcset=\"https:\/\/tauli.cat\/sabadellgentgran\/wp-content\/uploads\/2025\/02\/sabadellgentgran-centredia-4-600x600.jpg 600w, https:\/\/tauli.cat\/sabadellgentgran\/wp-content\/uploads\/2025\/02\/sabadellgentgran-centredia-4-150x150.jpg 150w\" sizes=\"(max-width: 600px) 100vw, 600px\" \/>      <\/div>      <figcaption>      <\/figcaption>    <\/figure><\/a><\/div><div class=\"eut-isotope-item \"><a href=\"https:\/\/tauli.cat\/sabadellgentgran\/wp-content\/uploads\/2025\/02\/sabadellgentgran-centredia-5.jpg\">    <figure class=\"eut-image-hover eut-zoom-in\">      <div class=\"eut-media eut-light-overlay eut-opacity-0\"><img loading=\"lazy\" decoding=\"async\" width=\"600\" height=\"600\" src=\"https:\/\/tauli.cat\/sabadellgentgran\/wp-content\/uploads\/2025\/02\/sabadellgentgran-centredia-5-600x600.jpg\" class=\"attachment-eut-image-small-square size-eut-image-small-square\" alt=\"\" srcset=\"https:\/\/tauli.cat\/sabadellgentgran\/wp-content\/uploads\/2025\/02\/sabadellgentgran-centredia-5-600x600.jpg 600w, https:\/\/tauli.cat\/sabadellgentgran\/wp-content\/uploads\/2025\/02\/sabadellgentgran-centredia-5-150x150.jpg 150w\" sizes=\"(max-width: 600px) 100vw, 600px\" \/>      <\/div>      <figcaption>      <\/figcaption>    <\/figure><\/a><\/div><div class=\"eut-isotope-item \"><a href=\"https:\/\/tauli.cat\/sabadellgentgran\/wp-content\/uploads\/2025\/02\/sabadellgentgran-centredia-6.jpg\">    <figure class=\"eut-image-hover eut-zoom-in\">      <div class=\"eut-media eut-light-overlay eut-opacity-0\"><img loading=\"lazy\" decoding=\"async\" width=\"600\" height=\"600\" src=\"https:\/\/tauli.cat\/sabadellgentgran\/wp-content\/uploads\/2025\/02\/sabadellgentgran-centredia-6-600x600.jpg\" class=\"attachment-eut-image-small-square size-eut-image-small-square\" alt=\"\" srcset=\"https:\/\/tauli.cat\/sabadellgentgran\/wp-content\/uploads\/2025\/02\/sabadellgentgran-centredia-6-600x600.jpg 600w, https:\/\/tauli.cat\/sabadellgentgran\/wp-content\/uploads\/2025\/02\/sabadellgentgran-centredia-6-150x150.jpg 150w\" sizes=\"(max-width: 600px) 100vw, 600px\" \/>      <\/div>      <figcaption>      <\/figcaption>    <\/figure><\/a><\/div><div class=\"eut-isotope-item \"><a href=\"https:\/\/tauli.cat\/sabadellgentgran\/wp-content\/uploads\/2025\/02\/sabadellgentgran-centredia-7.jpg\">    <figure class=\"eut-image-hover eut-zoom-in\">      <div class=\"eut-media eut-light-overlay eut-opacity-0\"><img loading=\"lazy\" decoding=\"async\" width=\"600\" height=\"600\" src=\"https:\/\/tauli.cat\/sabadellgentgran\/wp-content\/uploads\/2025\/02\/sabadellgentgran-centredia-7-600x600.jpg\" class=\"attachment-eut-image-small-square size-eut-image-small-square\" alt=\"\" srcset=\"https:\/\/tauli.cat\/sabadellgentgran\/wp-content\/uploads\/2025\/02\/sabadellgentgran-centredia-7-600x600.jpg 600w, https:\/\/tauli.cat\/sabadellgentgran\/wp-content\/uploads\/2025\/02\/sabadellgentgran-centredia-7-150x150.jpg 150w\" sizes=\"(max-width: 600px) 100vw, 600px\" \/>      <\/div>      <figcaption>      <\/figcaption>    <\/figure><\/a><\/div><div class=\"eut-isotope-item \"><a href=\"https:\/\/tauli.cat\/sabadellgentgran\/wp-content\/uploads\/2025\/02\/sabadellgentgran-centredia-8.jpg\">    <figure class=\"eut-image-hover eut-zoom-in\">      <div class=\"eut-media eut-light-overlay eut-opacity-0\"><img loading=\"lazy\" decoding=\"async\" width=\"600\" height=\"600\" src=\"https:\/\/tauli.cat\/sabadellgentgran\/wp-content\/uploads\/2025\/02\/sabadellgentgran-centredia-8-600x600.jpg\" class=\"attachment-eut-image-small-square size-eut-image-small-square\" alt=\"\" srcset=\"https:\/\/tauli.cat\/sabadellgentgran\/wp-content\/uploads\/2025\/02\/sabadellgentgran-centredia-8-600x600.jpg 600w, https:\/\/tauli.cat\/sabadellgentgran\/wp-content\/uploads\/2025\/02\/sabadellgentgran-centredia-8-150x150.jpg 150w\" sizes=\"(max-width: 600px) 100vw, 600px\" \/>      <\/div>      <figcaption>      <\/figcaption>    <\/figure><\/a><\/div><div class=\"eut-isotope-item \"><a href=\"https:\/\/tauli.cat\/sabadellgentgran\/wp-content\/uploads\/2025\/02\/sabadellgentgran-centredia-9.jpg\">    <figure class=\"eut-image-hover eut-zoom-in\">      <div class=\"eut-media eut-light-overlay eut-opacity-0\"><img loading=\"lazy\" decoding=\"async\" width=\"600\" height=\"600\" src=\"https:\/\/tauli.cat\/sabadellgentgran\/wp-content\/uploads\/2025\/02\/sabadellgentgran-centredia-9-600x600.jpg\" class=\"attachment-eut-image-small-square size-eut-image-small-square\" alt=\"\" srcset=\"https:\/\/tauli.cat\/sabadellgentgran\/wp-content\/uploads\/2025\/02\/sabadellgentgran-centredia-9-600x600.jpg 600w, https:\/\/tauli.cat\/sabadellgentgran\/wp-content\/uploads\/2025\/02\/sabadellgentgran-centredia-9-150x150.jpg 150w\" sizes=\"(max-width: 600px) 100vw, 600px\" \/>      <\/div>      <figcaption>      <\/figcaption>    <\/figure><\/a><\/div>  <\/div><\/div>[\/vc_tta_section][vc_tta_section title=\u00bbReglament del r\u00e8gim intern\u00bb tab_id=\u00bbreglament\u00bb][vc_row_inner][vc_column_inner][vc_raw_html]JTNDZGl2JTIwY2xhc3MlM0QlMjJpdGVtLWJveCUyMiUzRSUwQSUyMCUyMCUzQ2J1dHRvbiUyMGNsYXNzJTNEJTIyZ2V0LWZpbGUlMjIlM0UlMEElMjAlMjAlM0NzcGFuJTIwY2xhc3MlM0QlMjJjaXJjbGUlMjIlMjBhcmlhLWhpZGRlbiUzRCUyMnRydWUlMjIlM0UlMEElMjAlMjAlM0NzcGFuJTIwY2xhc3MlM0QlMjJpY29uJTIwYXJyb3clMjIlM0UlM0MlMkZzcGFuJTNFJTBBJTIwJTIwJTNDJTJGc3BhbiUzRSUwQSUyMCUyMCUzQ2ElMjBjbGFzcyUzRCUyMmJ1dHRvbi10ZXh0JTIyJTIwaHJlZiUzRCUyMmh0dHBzJTNBJTJGJTJGdGF1bGkuY2F0JTJGc2FiYWRlbGxnZW50Z3JhbiUyRndwLWNvbnRlbnQlMkZ1cGxvYWRzJTJGMjAyNCUyRjExJTJGUlJJLVJFU0lERU5DSUEtaS1DQUQucGRmJTIyJTIwdGFyZ2V0JTNEJTIyX2JsYW5rJTIyJTNFRGVzY2FycmVnYSUyMGVsJTIwZG9jdW1lbnQlM0MlMkZhJTNFJTBBJTNDJTJGYnV0dG9uJTNFJTBBJTBBJTBBJTNDJTJGZGl2JTNFJTBBJTBB[\/vc_raw_html][\/vc_column_inner][\/vc_row_inner][\/vc_tta_section][\/vc_tta_tabs][\/vc_column][\/vc_row]<\/p>\n<\/section>","protected":false},"excerpt":{"rendered":"<p>[vc_row][vc_column][vc_tta_tabs active_section=\u00bb1&#8243; el_class=\u00bbgroup\u00bb][vc_tta_section title=\u00bbPresentaci\u00f3\u00bb tab_id=\u00bbpresentacio\u00bb][vc_row_inner css=\u00bb.vc_custom_1695369277347{background-color: #ffffff !important;}\u00bb][vc_column_inner css=\u00bb.vc_custom_1695371192662{margin-bottom: 4rem !important;}\u00bb][vc_column_text]En aquest centre s&#8217;ofereixen serveis di\u00fcrns (12 hores al dia, festius inclosos) d&#8217;assist\u00e8ncia integral a les activitats de la vida di\u00e0ria per a les persones grans amb depend\u00e8ncies, oberts a tots els ciutadans. Objectius:\u00a0Facilitar un entorn compensatori a la llar, adequat i adaptat a les [&hellip;]<\/p>\n","protected":false},"author":1,"featured_media":0,"parent":0,"menu_order":0,"comment_status":"closed","ping_status":"closed","template":"","meta":{"footnotes":""},"class_list":["post-170","page","type-page","status-publish","hentry"],"_links":{"self":[{"href":"https:\/\/tauli.cat\/sabadellgentgran\/wp-json\/wp\/v2\/pages\/170"}],"collection":[{"href":"https:\/\/tauli.cat\/sabadellgentgran\/wp-json\/wp\/v2\/pages"}],"about":[{"href":"https:\/\/tauli.cat\/sabadellgentgran\/wp-json\/wp\/v2\/types\/page"}],"author":[{"embeddable":true,"href":"https:\/\/tauli.cat\/sabadellgentgran\/wp-json\/wp\/v2\/users\/1"}],"replies":[{"embeddable":true,"href":"https:\/\/tauli.cat\/sabadellgentgran\/wp-json\/wp\/v2\/comments?post=170"}],"version-history":[{"count":26,"href":"https:\/\/tauli.cat\/sabadellgentgran\/wp-json\/wp\/v2\/pages\/170\/revisions"}],"predecessor-version":[{"id":436,"href":"https:\/\/tauli.cat\/sabadellgentgran\/wp-json\/wp\/v2\/pages\/170\/revisions\/436"}],"wp:attachment":[{"href":"https:\/\/tauli.cat\/sabadellgentgran\/wp-json\/wp\/v2\/media?parent=170"}],"curies":[{"name":"wp","href":"https:\/\/api.w.org\/{rel}","templated":true}]}}