{"id":214,"date":"2023-11-20T12:42:39","date_gmt":"2023-11-20T11:42:39","guid":{"rendered":"https:\/\/tauli.cat\/sabadellgentgran\/?page_id=214"},"modified":"2026-02-02T07:24:38","modified_gmt":"2026-02-02T06:24:38","slug":"tauli-aprop","status":"publish","type":"page","link":"https:\/\/tauli.cat\/sabadellgentgran\/tauli-aprop\/","title":{"rendered":"Taul\u00ed Aprop"},"content":{"rendered":"<section class=\"wpb-content-wrapper\"><p>[vc_row][vc_column][vc_tta_tabs active_section=\u00bb1&#8243; el_class=\u00bbgroup\u00bb][vc_tta_section title=\u00bbPresentaci\u00f3\u00bb tab_id=\u00bbpresentacio\u00bb el_class=\u00bbimage-txt\u00bb][vc_row_inner css=\u00bb.vc_custom_1695369277347{background-color: #ffffff !important;}\u00bb][vc_column_inner css=\u00bb.vc_custom_1695371192662{margin-bottom: 4rem !important;}\u00bb]<div class=\"eut-element eut-image-text\" style=\"\"><div class=\"eut-image\"><img loading=\"lazy\" decoding=\"async\" width=\"1800\" height=\"1200\" src=\"https:\/\/tauli.cat\/sabadellgentgran\/wp-content\/uploads\/2023\/10\/18.jpg\" class=\"attachment-full size-full\" alt=\"\" srcset=\"https:\/\/tauli.cat\/sabadellgentgran\/wp-content\/uploads\/2023\/10\/18.jpg 1800w, https:\/\/tauli.cat\/sabadellgentgran\/wp-content\/uploads\/2023\/10\/18-300x200.jpg 300w, https:\/\/tauli.cat\/sabadellgentgran\/wp-content\/uploads\/2023\/10\/18-1024x683.jpg 1024w, https:\/\/tauli.cat\/sabadellgentgran\/wp-content\/uploads\/2023\/10\/18-768x512.jpg 768w, https:\/\/tauli.cat\/sabadellgentgran\/wp-content\/uploads\/2023\/10\/18-1536x1024.jpg 1536w\" sizes=\"(max-width: 1800px) 100vw, 1800px\" \/><\/div>  <div class=\"eut-content eut-align-left\">  <p>Taul\u00ed Aprop \u00e9s un servei que inclou aquelles tasques que es realitzen en el\u00a0mateix domicili\u00a0de la persona\/fam\u00edlia o\u00a0fora del domicili\u00a0adre\u00e7ades a\u00a0donar suport i millorar\u00a0les situacions generades per la manca d\u2019autonomia f\u00edsica, ps\u00edquica o social.<\/p>\n<p><\/p>  <\/div><\/div>[vc_column_text]Taul\u00ed Aprop \u00e9s un servei que inclou aquelles tasques que es realitzen en el\u00a0<strong>mateix domicili<\/strong>\u00a0de la persona\/fam\u00edlia o\u00a0<strong>fora del domicili\u00a0<\/strong>adre\u00e7ades a\u00a0<strong>donar suport i millorar<\/strong>\u00a0les situacions generades per la manca d\u2019autonomia f\u00edsica, ps\u00edquica o social.<\/p>\n<p>Els serveis que ofereix s\u00f3n:<\/p>\n<ul>\n<li><strong>Atenci\u00f3 personal:<\/strong>\u00a0higiene personal, ajuda per vestir i menjar, control de la medicaci\u00f3 i de l\u2019alimentaci\u00f3, etc.<\/li>\n<li><strong>Atenci\u00f3 a la llar:<\/strong>\u00a0ordre i la neteja de la casa, compres, preparaci\u00f3 d\u2019\u00e0pats, rentat de la roba, etc.<\/li>\n<li><strong>Atenci\u00f3 a l\u2019entorn:<\/strong>\u00a0acompanyaments fora de la llar (gestions, visites m\u00e8diques, hospitals, passejades, etc.).<\/li>\n<\/ul>\n<p>[\/vc_column_text][\/vc_column_inner][\/vc_row_inner][\/vc_tta_section][vc_tta_section title=\u00bbTarifes\u00bb tab_id=\u00bbtarifes\u00bb][vc_row_inner][vc_column_inner width=\u00bb1\/2&#8243; css=\u00bb.vc_custom_1695287881633{margin-bottom: 2rem !important;}\u00bb][vc_column_text]<\/p>\n<ul>\n<li><strong>Preu hora &#8211; laborable:<\/strong> 18,61 \u20ac<\/li>\n<li><strong>Preu hora &#8211; festiu\/nocturn:<\/strong> 23,22 \u20ac (dissabtes, diumenges i festius)<\/li>\n<\/ul>\n<p>Els preus inclouen l&#8217;IVA.<\/p>\n<p>Horari nocturn: de 10 de la nit a 7 del mat\u00ed.[\/vc_column_text][\/vc_column_inner][vc_column_inner width=\u00bb1\/2&#8243;][\/vc_column_inner][\/vc_row_inner][\/vc_tta_section][\/vc_tta_tabs][\/vc_column][\/vc_row]<\/p>\n<\/section>","protected":false},"excerpt":{"rendered":"<p>[vc_row][vc_column][vc_tta_tabs active_section=\u00bb1&#8243; el_class=\u00bbgroup\u00bb][vc_tta_section title=\u00bbPresentaci\u00f3\u00bb tab_id=\u00bbpresentacio\u00bb el_class=\u00bbimage-txt\u00bb][vc_row_inner css=\u00bb.vc_custom_1695369277347{background-color: #ffffff !important;}\u00bb][vc_column_inner css=\u00bb.vc_custom_1695371192662{margin-bottom: 4rem !important;}\u00bb][vc_column_text]Taul\u00ed Aprop \u00e9s un servei que inclou aquelles tasques que es realitzen en el\u00a0mateix domicili\u00a0de la persona\/fam\u00edlia o\u00a0fora del domicili\u00a0adre\u00e7ades a\u00a0donar suport i millorar\u00a0les situacions generades per la manca d\u2019autonomia f\u00edsica, ps\u00edquica o social. Els serveis que ofereix s\u00f3n: Atenci\u00f3 personal:\u00a0higiene personal, ajuda per [&hellip;]<\/p>\n","protected":false},"author":1,"featured_media":0,"parent":0,"menu_order":0,"comment_status":"closed","ping_status":"closed","template":"","meta":{"footnotes":""},"class_list":["post-214","page","type-page","status-publish","hentry"],"_links":{"self":[{"href":"https:\/\/tauli.cat\/sabadellgentgran\/wp-json\/wp\/v2\/pages\/214"}],"collection":[{"href":"https:\/\/tauli.cat\/sabadellgentgran\/wp-json\/wp\/v2\/pages"}],"about":[{"href":"https:\/\/tauli.cat\/sabadellgentgran\/wp-json\/wp\/v2\/types\/page"}],"author":[{"embeddable":true,"href":"https:\/\/tauli.cat\/sabadellgentgran\/wp-json\/wp\/v2\/users\/1"}],"replies":[{"embeddable":true,"href":"https:\/\/tauli.cat\/sabadellgentgran\/wp-json\/wp\/v2\/comments?post=214"}],"version-history":[{"count":13,"href":"https:\/\/tauli.cat\/sabadellgentgran\/wp-json\/wp\/v2\/pages\/214\/revisions"}],"predecessor-version":[{"id":439,"href":"https:\/\/tauli.cat\/sabadellgentgran\/wp-json\/wp\/v2\/pages\/214\/revisions\/439"}],"wp:attachment":[{"href":"https:\/\/tauli.cat\/sabadellgentgran\/wp-json\/wp\/v2\/media?parent=214"}],"curies":[{"name":"wp","href":"https:\/\/api.w.org\/{rel}","templated":true}]}}