{"id":44,"date":"2023-10-03T13:42:03","date_gmt":"2023-10-03T11:42:03","guid":{"rendered":"http:\/\/tauli.cat\/sabadellgentgran\/?page_id=44"},"modified":"2026-02-02T07:14:35","modified_gmt":"2026-02-02T06:14:35","slug":"allotjaments-residencials","status":"publish","type":"page","link":"https:\/\/tauli.cat\/sabadellgentgran\/allotjaments-residencials\/","title":{"rendered":"Allotjaments residencials"},"content":{"rendered":"<section class=\"wpb-content-wrapper\"><p>[vc_row][vc_column][vc_tta_tabs active_section=\u00bb1&#8243; el_class=\u00bbgroup\u00bb][vc_tta_section title=\u00bbPresentaci\u00f3\u00bb tab_id=\u00bbpresentacio\u00bb][vc_row_inner css=\u00bb.vc_custom_1695369277347{background-color: #ffffff !important;}\u00bb][vc_column_inner css=\u00bb.vc_custom_1695371192662{margin-bottom: 4rem !important;}\u00bb][vc_column_text]Serveis d&#8217;<strong>acolliment residencial i d&#8217;assist\u00e8ncia integral<\/strong> a persones grans que no tenen un grau d&#8217;autonomia suficient per realitzar les activitats de la vida di\u00e0ria, que necessiten supervisi\u00f3 constant i\/o que tenen una situaci\u00f3 sociofamiliar que requereix la substituci\u00f3 de la llar.[\/vc_column_text]<h2 class=\"eut-element eut-align-left eut-title-line eut-animated-item eut-fadeInDown\" style=\"margin-bottom: 2rem;\" data-delay=\"200\"><span>Pl\u00e0nols de les habitacions<\/span><\/h2>[\/vc_column_inner][\/vc_row_inner][vc_row_inner el_class=\u00bbrow-breakpoint\u00bb css=\u00bb.vc_custom_1696492439951{margin-bottom: 2rem !important;}\u00bb][vc_column_inner width=\u00bb1\/4&#8243; mobile_width=\u00bb1&#8243;][\/vc_column_inner][vc_column_inner width=\u00bb1\/2&#8243;][vc_raw_html el_class=\u00bbmedia\u00bb css=\u00bb.vc_custom_1740050138808{margin-bottom: 6rem !important;}\u00bb]JTNDZGl2JTIwY2xhc3MlM0QlMjJjYXJkJTIwbWItOCUyMiUyMHN0eWxlJTNEJTIybWF4LXdpZHRoJTNBJTIwNTQwcHglM0IlMjIlM0UlMEElMjAlMjAlM0NkaXYlMjBjbGFzcyUzRCUyMnJvdyUyMGctMCUyMiUzRSUwQSUyMCUyMCUyMCUyMCUzQ2RpdiUyMGNsYXNzJTNEJTIyY29sLTEyJTIwY29sLW1kLTQlMjBtZWRpYS1pbWclMjIlM0UlMEElM0NhJTIwY2xhc3MlM0QlMjJldXQtaW1hZ2UtcG9wdXAlMjIlMjBocmVmJTNEJTIyaHR0cCUzQSUyRiUyRnRhdWxpLmNhdCUyRnNhYmFkZWxsZ2VudGdyYW4lMkZ3cC1jb250ZW50JTJGdXBsb2FkcyUyRjIwMjMlMkYxMCUyRmhhYmRvYmxlUC5qcGclMjIlM0UlMEElMjAlMjAlM0NpbWclMjBzcmMlM0QlMjJodHRwJTNBJTJGJTJGdGF1bGkuY2F0JTJGc2FiYWRlbGxnZW50Z3JhbiUyRndwLWNvbnRlbnQlMkZ1cGxvYWRzJTJGMjAyMyUyRjEwJTJGaGFiZG9ibGVQLmpwZyUyMiUyMGNsYXNzJTNEJTIyaW1nLWZsdWlkJTIwcm91bmRlZC1zdGFydCUyMGltYWdlJTIyJTIwYWx0JTNEJTIycGxhbm9sJTIwaGFiaXRhY2lvJTIyJTNFJTBBJTNDJTJGYSUzRSUwQSUyMCUyMCUyMCUyMCUwQSUyMCUyMCUyMCUyMCUzQyUyRmRpdiUzRSUwQSUyMCUyMCUyMCUwQSUyMCUyMCUzQyUyRmRpdiUzRSUwQSUzQyUyRmRpdiUzRQ==[\/vc_raw_html][\/vc_column_inner][vc_column_inner width=\u00bb1\/4&#8243;][\/vc_column_inner][\/vc_row_inner][\/vc_tta_section][vc_tta_section title=\u00bbTarifes\u00bb tab_id=\u00bbtarifes\u00bb]<h3 class=\"eut-element eut-align-center eut-title-line\" style=\"margin-bottom: 2rem;\"><span>Habitaci\u00f3 individual<\/span><\/h3>[vc_row_inner][vc_column_inner width=\u00bb1\/2&#8243; css=\u00bb.vc_custom_1695287881633{margin-bottom: 2rem !important;}\u00bb]<div class=\"eut-element eut-pricing-table eut-animated-item eut-fadeInDown price-card\" style=\"margin-bottom: 2rem;\" data-delay=\"200\">  <div class=\"eut-pricing-header\">    <div class=\"eut-subtitle eut-pricing-title eut-bg-primary-1\">Alta dep\u00e8ndencia<\/div>    <h4 class=\"eut-price eut-bg-primary-1\">3.123,96 \u20ac <span>\/mes per persona<\/span><\/h4>  <\/div>  <ul><li><strong>Habitaci\u00f3 totalment moblada amb bany <\/strong><\/li><li><strong>Teleservei <\/strong><\/li><li><strong>Inclou tots els serveis hotelers i d'atenci\u00f3 a la llar i els serveis d'ajuda a les Activitats B\u00e0siques de la Vida Di\u00e0ria que siguin necessaris <\/strong><\/li><li><strong>Atenci\u00f3 d'infermeria <\/strong><\/li><li><strong>Seguiment m\u00e8dic de les malalties <\/strong><\/li><li><strong>Activitats i tallers terap\u00e8utics i de lleure <\/strong><\/li><li><strong>Atenci\u00f3 social <\/strong><\/li><li><strong>Tractaments de fisioter\u00e0pia <\/strong><\/li><li><strong>Suport psicol\u00f2gic <\/strong><\/li><li><strong>Suport religi\u00f3s <\/strong><\/li>  <\/ul><a class=\"eut-btn eut-btn-small eut-round eut-bg-primary-3 btn-card\" href=\"#\" target=\"_self\" style=\"\"><span>Qu\u00e8 inclou?<\/span><\/a><\/div>[\/vc_column_inner][vc_column_inner width=\u00bb1\/2&#8243; css=\u00bb.vc_custom_1695287890056{margin-bottom: 2rem !important;}\u00bb]<div class=\"eut-element eut-pricing-table eut-animated-item eut-fadeInDown price-card\" style=\"margin-bottom: 2rem;\" data-delay=\"200\">  <div class=\"eut-pricing-header\">    <div class=\"eut-subtitle eut-pricing-title eut-bg-primary-1\">Mitja\/baixa dep\u00e8ndencia<\/div>    <h4 class=\"eut-price eut-bg-primary-1\">2.918,35 \u20ac <span>\/mes per persona<\/span><\/h4>  <\/div>  <ul><li><strong>Habitaci\u00f3 totalment moblada amb bany <\/strong><\/li><li><strong>Teleservei <\/strong><\/li><li><strong>Inclou tots els serveis hotelers i d'atenci\u00f3 a la llar i els serveis d'ajuda a les Activitats B\u00e0siques de la Vida Di\u00e0ria que siguin necessaris <\/strong><\/li><li><strong>Atenci\u00f3 d'infermeria <\/strong><\/li><li><strong>Seguiment m\u00e8dic de les malalties <\/strong><\/li><li><strong>Activitats i tallers terap\u00e8utics i de lleure <\/strong><\/li><li><strong>Atenci\u00f3 social <\/strong><\/li><li><strong>Tractaments de fisioter\u00e0pia <\/strong><\/li><li><strong>Suport psicol\u00f2gic <\/strong><\/li><li><strong>Suport religi\u00f3s <\/strong><\/li>  <\/ul><a class=\"eut-btn eut-btn-small eut-round eut-bg-primary-3 btn-card\" href=\"#\" target=\"_self\" style=\"\"><span>Qu\u00e8 inclou?<\/span><\/a><\/div>[\/vc_column_inner][\/vc_row_inner]<h3 class=\"eut-element eut-align-center eut-title-line\" style=\"margin-bottom: 2rem;\"><span>Habitaci\u00f3 doble<\/span><\/h3>[vc_row_inner][vc_column_inner width=\u00bb1\/4&#8243;][\/vc_column_inner][vc_column_inner width=\u00bb1\/2&#8243;]<div class=\"eut-element eut-pricing-table eut-animated-item eut-fadeInDown price-card\" style=\"margin-bottom: 2rem;\" data-delay=\"200\">  <div class=\"eut-pricing-header\">    <div class=\"eut-subtitle eut-pricing-title eut-bg-primary-1\">Alta\/mitja\/baixa depend\u00e8ncia<\/div>    <h3 class=\"eut-price eut-bg-primary-1\">2.796,74 \u20ac <span>\/mes per persona<\/span><\/h3>  <\/div>  <ul><li><strong>Habitaci\u00f3 totalment moblada amb bany <\/strong><\/li><li><strong>Teleservei <\/strong><\/li><li><strong>Inclou tots els serveis hotelers i d'atenci\u00f3 a la llar i els serveis d'ajuda a les Activitats B\u00e0siques de la Vida Di\u00e0ria que siguin necessaris <\/strong><\/li><li><strong>Atenci\u00f3 d'infermeria <\/strong><\/li><li><strong>Seguiment m\u00e8dic de les malalties <\/strong><\/li><li><strong>Activitats i tallers terap\u00e8utics i de lleure <\/strong><\/li><li><strong>Atenci\u00f3 social <\/strong><\/li><li><strong>Tractaments de fisioter\u00e0pia <\/strong><\/li><li><strong>Suport psicol\u00f2gic <\/strong><\/li><li><strong>Suport religi\u00f3s <\/strong><\/li>  <\/ul><a class=\"eut-btn eut-btn-small eut-round eut-bg-primary-3 btn-card\" href=\"#\" target=\"_self\" style=\"\"><span>Qu\u00e8 inclou?<\/span><\/a><\/div><blockquote class=\"eut-element eut-animated-item eut-fadeInDown\" style=\"margin-bottom: 4rem;\" data-delay=\"200\"><p>Les persones que es trobin en situaci\u00f3 de depend\u00e8ncia i reuneixin els requisits establerts, poden optar a les prestacions que marca la Llei per a les places particulars. Informi-se\u2019n.<\/p><\/blockquote>[\/vc_column_inner][vc_column_inner width=\u00bb1\/4&#8243;][\/vc_column_inner][\/vc_row_inner][vc_column_text](* Preus amb IVA incl\u00f2s. Dip\u00f2sit de 15 dies segons el servei contractat.)[\/vc_column_text][\/vc_tta_section][vc_tta_section title=\u00bbGaleria\u00bb tab_id=\u00bbgaleria\u00bb][vc_row_inner][vc_column_inner]<h3 class=\"eut-element eut-align-left eut-title-line eut-animated-item eut-fadeInDown\" style=\"\" data-delay=\"200\"><span>Galeria d'imatges<\/span><\/h3><div class=\"eut-element eut-gallery eut-isotope eut-gallery-popup eut-with-gap\" style=\"\" data-columns=\"4\" data-columns-tablet-landscape=\"2\" data-columns-tablet-portrait=\"2\" data-columns-mobile=\"1\" data-layout=\"fitRows\">  <div class=\"eut-isotope-container\"><div class=\"eut-isotope-item \"><a href=\"https:\/\/tauli.cat\/sabadellgentgran\/wp-content\/uploads\/2025\/02\/sabadellgentgran-residencia-3.jpg\">    <figure class=\"eut-image-hover eut-zoom-in\">      <div class=\"eut-media eut-light-overlay eut-opacity-0\"><img loading=\"lazy\" decoding=\"async\" width=\"600\" height=\"600\" src=\"https:\/\/tauli.cat\/sabadellgentgran\/wp-content\/uploads\/2025\/02\/sabadellgentgran-residencia-3-600x600.jpg\" class=\"attachment-eut-image-small-square size-eut-image-small-square\" alt=\"\" srcset=\"https:\/\/tauli.cat\/sabadellgentgran\/wp-content\/uploads\/2025\/02\/sabadellgentgran-residencia-3-600x600.jpg 600w, https:\/\/tauli.cat\/sabadellgentgran\/wp-content\/uploads\/2025\/02\/sabadellgentgran-residencia-3-150x150.jpg 150w\" sizes=\"(max-width: 600px) 100vw, 600px\" \/>      <\/div>      <figcaption>      <\/figcaption>    <\/figure><\/a><\/div><div class=\"eut-isotope-item \"><a href=\"https:\/\/tauli.cat\/sabadellgentgran\/wp-content\/uploads\/2025\/02\/sabadellgentgran-residencia-2.jpg\">    <figure class=\"eut-image-hover eut-zoom-in\">      <div class=\"eut-media eut-light-overlay eut-opacity-0\"><img loading=\"lazy\" decoding=\"async\" width=\"600\" height=\"600\" src=\"https:\/\/tauli.cat\/sabadellgentgran\/wp-content\/uploads\/2025\/02\/sabadellgentgran-residencia-2-600x600.jpg\" class=\"attachment-eut-image-small-square size-eut-image-small-square\" alt=\"\" srcset=\"https:\/\/tauli.cat\/sabadellgentgran\/wp-content\/uploads\/2025\/02\/sabadellgentgran-residencia-2-600x600.jpg 600w, https:\/\/tauli.cat\/sabadellgentgran\/wp-content\/uploads\/2025\/02\/sabadellgentgran-residencia-2-150x150.jpg 150w\" sizes=\"(max-width: 600px) 100vw, 600px\" \/>      <\/div>      <figcaption>      <\/figcaption>    <\/figure><\/a><\/div><div class=\"eut-isotope-item \"><a href=\"https:\/\/tauli.cat\/sabadellgentgran\/wp-content\/uploads\/2025\/02\/sabadellgentgran-residencia-8.jpg\">    <figure class=\"eut-image-hover eut-zoom-in\">      <div class=\"eut-media eut-light-overlay eut-opacity-0\"><img loading=\"lazy\" decoding=\"async\" width=\"600\" height=\"600\" src=\"https:\/\/tauli.cat\/sabadellgentgran\/wp-content\/uploads\/2025\/02\/sabadellgentgran-residencia-8-600x600.jpg\" class=\"attachment-eut-image-small-square size-eut-image-small-square\" alt=\"\" srcset=\"https:\/\/tauli.cat\/sabadellgentgran\/wp-content\/uploads\/2025\/02\/sabadellgentgran-residencia-8-600x600.jpg 600w, https:\/\/tauli.cat\/sabadellgentgran\/wp-content\/uploads\/2025\/02\/sabadellgentgran-residencia-8-150x150.jpg 150w\" sizes=\"(max-width: 600px) 100vw, 600px\" \/>      <\/div>      <figcaption>      <\/figcaption>    <\/figure><\/a><\/div><div class=\"eut-isotope-item \"><a href=\"https:\/\/tauli.cat\/sabadellgentgran\/wp-content\/uploads\/2025\/02\/sabadellgentgran-residencia-1.jpg\">    <figure class=\"eut-image-hover eut-zoom-in\">      <div class=\"eut-media eut-light-overlay eut-opacity-0\"><img loading=\"lazy\" decoding=\"async\" width=\"600\" height=\"600\" src=\"https:\/\/tauli.cat\/sabadellgentgran\/wp-content\/uploads\/2025\/02\/sabadellgentgran-residencia-1-600x600.jpg\" class=\"attachment-eut-image-small-square size-eut-image-small-square\" alt=\"\" srcset=\"https:\/\/tauli.cat\/sabadellgentgran\/wp-content\/uploads\/2025\/02\/sabadellgentgran-residencia-1-600x600.jpg 600w, https:\/\/tauli.cat\/sabadellgentgran\/wp-content\/uploads\/2025\/02\/sabadellgentgran-residencia-1-150x150.jpg 150w\" sizes=\"(max-width: 600px) 100vw, 600px\" \/>      <\/div>      <figcaption>      <\/figcaption>    <\/figure><\/a><\/div><div class=\"eut-isotope-item \"><a href=\"https:\/\/tauli.cat\/sabadellgentgran\/wp-content\/uploads\/2025\/02\/sabadellgentgran-residencia-7.jpg\">    <figure class=\"eut-image-hover eut-zoom-in\">      <div class=\"eut-media eut-light-overlay eut-opacity-0\"><img loading=\"lazy\" decoding=\"async\" width=\"600\" height=\"600\" src=\"https:\/\/tauli.cat\/sabadellgentgran\/wp-content\/uploads\/2025\/02\/sabadellgentgran-residencia-7-600x600.jpg\" class=\"attachment-eut-image-small-square size-eut-image-small-square\" alt=\"\" srcset=\"https:\/\/tauli.cat\/sabadellgentgran\/wp-content\/uploads\/2025\/02\/sabadellgentgran-residencia-7-600x600.jpg 600w, https:\/\/tauli.cat\/sabadellgentgran\/wp-content\/uploads\/2025\/02\/sabadellgentgran-residencia-7-150x150.jpg 150w\" sizes=\"(max-width: 600px) 100vw, 600px\" \/>      <\/div>      <figcaption>      <\/figcaption>    <\/figure><\/a><\/div><div class=\"eut-isotope-item \"><a href=\"https:\/\/tauli.cat\/sabadellgentgran\/wp-content\/uploads\/2025\/02\/sabadellgentgran-residencia-6.jpg\">    <figure class=\"eut-image-hover eut-zoom-in\">      <div class=\"eut-media eut-light-overlay eut-opacity-0\"><img loading=\"lazy\" decoding=\"async\" width=\"600\" height=\"600\" src=\"https:\/\/tauli.cat\/sabadellgentgran\/wp-content\/uploads\/2025\/02\/sabadellgentgran-residencia-6-600x600.jpg\" class=\"attachment-eut-image-small-square size-eut-image-small-square\" alt=\"\" srcset=\"https:\/\/tauli.cat\/sabadellgentgran\/wp-content\/uploads\/2025\/02\/sabadellgentgran-residencia-6-600x600.jpg 600w, https:\/\/tauli.cat\/sabadellgentgran\/wp-content\/uploads\/2025\/02\/sabadellgentgran-residencia-6-150x150.jpg 150w\" sizes=\"(max-width: 600px) 100vw, 600px\" \/>      <\/div>      <figcaption>      <\/figcaption>    <\/figure><\/a><\/div><div class=\"eut-isotope-item \"><a href=\"https:\/\/tauli.cat\/sabadellgentgran\/wp-content\/uploads\/2025\/02\/sabadellgentgran-residencia-5.jpg\">    <figure class=\"eut-image-hover eut-zoom-in\">      <div class=\"eut-media eut-light-overlay eut-opacity-0\"><img loading=\"lazy\" decoding=\"async\" width=\"600\" height=\"600\" src=\"https:\/\/tauli.cat\/sabadellgentgran\/wp-content\/uploads\/2025\/02\/sabadellgentgran-residencia-5-600x600.jpg\" class=\"attachment-eut-image-small-square size-eut-image-small-square\" alt=\"\" srcset=\"https:\/\/tauli.cat\/sabadellgentgran\/wp-content\/uploads\/2025\/02\/sabadellgentgran-residencia-5-600x600.jpg 600w, https:\/\/tauli.cat\/sabadellgentgran\/wp-content\/uploads\/2025\/02\/sabadellgentgran-residencia-5-150x150.jpg 150w\" sizes=\"(max-width: 600px) 100vw, 600px\" \/>      <\/div>      <figcaption>      <\/figcaption>    <\/figure><\/a><\/div><div class=\"eut-isotope-item \"><a href=\"https:\/\/tauli.cat\/sabadellgentgran\/wp-content\/uploads\/2025\/02\/sabadellgentgran-residencia-4.jpg\">    <figure class=\"eut-image-hover eut-zoom-in\">      <div class=\"eut-media eut-light-overlay eut-opacity-0\"><img loading=\"lazy\" decoding=\"async\" width=\"600\" height=\"600\" src=\"https:\/\/tauli.cat\/sabadellgentgran\/wp-content\/uploads\/2025\/02\/sabadellgentgran-residencia-4-600x600.jpg\" class=\"attachment-eut-image-small-square size-eut-image-small-square\" alt=\"\" srcset=\"https:\/\/tauli.cat\/sabadellgentgran\/wp-content\/uploads\/2025\/02\/sabadellgentgran-residencia-4-600x600.jpg 600w, https:\/\/tauli.cat\/sabadellgentgran\/wp-content\/uploads\/2025\/02\/sabadellgentgran-residencia-4-150x150.jpg 150w\" sizes=\"(max-width: 600px) 100vw, 600px\" \/>      <\/div>      <figcaption>      <\/figcaption>    <\/figure><\/a><\/div>  <\/div><\/div>[\/vc_column_inner][\/vc_row_inner][\/vc_tta_section][vc_tta_section title=\u00bbReglament del r\u00e8gim intern\u00bb tab_id=\u00bbreglament\u00bb][vc_row_inner][vc_column_inner][vc_raw_html]JTNDZGl2JTIwY2xhc3MlM0QlMjJpdGVtLWJveCUyMiUzRSUwQSUyMCUyMCUzQ2J1dHRvbiUyMGNsYXNzJTNEJTIyZ2V0LWZpbGUlMjIlM0UlMEElMjAlMjAlM0NzcGFuJTIwY2xhc3MlM0QlMjJjaXJjbGUlMjIlMjBhcmlhLWhpZGRlbiUzRCUyMnRydWUlMjIlM0UlMEElMjAlMjAlM0NzcGFuJTIwY2xhc3MlM0QlMjJpY29uJTIwYXJyb3clMjIlM0UlM0MlMkZzcGFuJTNFJTBBJTIwJTIwJTNDJTJGc3BhbiUzRSUwQSUyMCUyMCUzQ2ElMjBjbGFzcyUzRCUyMmJ1dHRvbi10ZXh0JTIyJTIwaHJlZiUzRCUyMmh0dHBzJTNBJTJGJTJGdGF1bGkuY2F0JTJGc2FiYWRlbGxnZW50Z3JhbiUyRndwLWNvbnRlbnQlMkZ1cGxvYWRzJTJGMjAyNCUyRjExJTJGUlJJLVJFU0lERU5DSUEtaS1DQUQucGRmJTIyJTIwdGFyZ2V0JTNEJTIyX2JsYW5rJTIyJTNFRGVzY2FycmVnYSUyMGVsJTIwZG9jdW1lbnQlM0MlMkZhJTNFJTBBJTNDJTJGYnV0dG9uJTNFJTBBJTBBJTBBJTNDJTJGZGl2JTNFJTBBJTBB[\/vc_raw_html][\/vc_column_inner][\/vc_row_inner][\/vc_tta_section][\/vc_tta_tabs][\/vc_column][\/vc_row]<\/p>\n<\/section>","protected":false},"excerpt":{"rendered":"<p>[vc_row][vc_column][vc_tta_tabs active_section=\u00bb1&#8243; el_class=\u00bbgroup\u00bb][vc_tta_section title=\u00bbPresentaci\u00f3\u00bb tab_id=\u00bbpresentacio\u00bb][vc_row_inner css=\u00bb.vc_custom_1695369277347{background-color: #ffffff !important;}\u00bb][vc_column_inner css=\u00bb.vc_custom_1695371192662{margin-bottom: 4rem !important;}\u00bb][vc_column_text]Serveis d&#8217;acolliment residencial i d&#8217;assist\u00e8ncia integral a persones grans que no tenen un grau d&#8217;autonomia suficient per realitzar les activitats de la vida di\u00e0ria, que necessiten supervisi\u00f3 constant i\/o que tenen una situaci\u00f3 sociofamiliar que requereix la substituci\u00f3 de la llar.[\/vc_column_text][\/vc_column_inner][\/vc_row_inner][vc_row_inner el_class=\u00bbrow-breakpoint\u00bb css=\u00bb.vc_custom_1696492439951{margin-bottom: 2rem !important;}\u00bb][vc_column_inner [&hellip;]<\/p>\n","protected":false},"author":1,"featured_media":0,"parent":0,"menu_order":0,"comment_status":"closed","ping_status":"closed","template":"","meta":{"footnotes":""},"class_list":["post-44","page","type-page","status-publish","hentry"],"_links":{"self":[{"href":"https:\/\/tauli.cat\/sabadellgentgran\/wp-json\/wp\/v2\/pages\/44"}],"collection":[{"href":"https:\/\/tauli.cat\/sabadellgentgran\/wp-json\/wp\/v2\/pages"}],"about":[{"href":"https:\/\/tauli.cat\/sabadellgentgran\/wp-json\/wp\/v2\/types\/page"}],"author":[{"embeddable":true,"href":"https:\/\/tauli.cat\/sabadellgentgran\/wp-json\/wp\/v2\/users\/1"}],"replies":[{"embeddable":true,"href":"https:\/\/tauli.cat\/sabadellgentgran\/wp-json\/wp\/v2\/comments?post=44"}],"version-history":[{"count":35,"href":"https:\/\/tauli.cat\/sabadellgentgran\/wp-json\/wp\/v2\/pages\/44\/revisions"}],"predecessor-version":[{"id":435,"href":"https:\/\/tauli.cat\/sabadellgentgran\/wp-json\/wp\/v2\/pages\/44\/revisions\/435"}],"wp:attachment":[{"href":"https:\/\/tauli.cat\/sabadellgentgran\/wp-json\/wp\/v2\/media?parent=44"}],"curies":[{"name":"wp","href":"https:\/\/api.w.org\/{rel}","templated":true}]}}