{"id":68,"date":"2023-10-04T07:21:01","date_gmt":"2023-10-04T05:21:01","guid":{"rendered":"http:\/\/tauli.cat\/sabadellgentgran\/?page_id=68"},"modified":"2024-02-07T07:01:01","modified_gmt":"2024-02-07T06:01:01","slug":"informacio-del-centre","status":"publish","type":"page","link":"https:\/\/tauli.cat\/sabadellgentgran\/informacio-del-centre\/","title":{"rendered":"Informaci\u00f3 del centre"},"content":{"rendered":"<section class=\"wpb-content-wrapper\"><p>[vc_row][vc_column]<h2 class=\"eut-element eut-align-left eut-title-line\" style=\"\"><span>Presentaci\u00f3<\/span><\/h2>[vc_row_inner][vc_column_inner width=\u00bb2\/3&#8243;][vc_column_text animation=\u00bbfadeInDown\u00bb el_class=\u00bbdescription\u00bb]Sabadell Gent Gran \u00e9s un centre de serveis orientat a cobrir les necessitats de la gent gran. Aquesta atenci\u00f3 es d\u00f3na a les instal\u00b7lacions del centre (Resid\u00e8ncia, Centre de dia, Apartaments tutelats), i\/o al domicili propi de l&#8217;usuari, en aquest darrer cas a trav\u00e9s dels serveis de Taul\u00ed Aprop.<\/p>\n<p>Sabadell Gent Gran compta amb places col\u00b7laboradores i privades.[\/vc_column_text][\/vc_column_inner][vc_column_inner width=\u00bb1\/3&#8243; css=\u00bb.vc_custom_1695627160312{background-color: #ffffff !important;}\u00bb]<h5 class=\"eut-element eut-align-left eut-title-no-line\" style=\"\"><span>Directora executiva de Sabadell Gent Gran<\/span><\/h5><div class=\"eut-element eut-image-text profile-img\" style=\"\"><div class=\"eut-image\"><img loading=\"lazy\" decoding=\"async\" width=\"115\" height=\"145\" src=\"https:\/\/tauli.cat\/sabadellgentgran\/wp-content\/uploads\/2023\/10\/20210305_Sonia_Mariscal_115_145.jpg\" class=\"attachment-full size-full\" alt=\"\" \/><\/div>  <div class=\"eut-content eut-align-left\"><h6>S\u00f2nia Mariscal P\u00e9rez<\/h6>  <\/div><\/div>[\/vc_column_inner][\/vc_row_inner][\/vc_column][\/vc_row][vc_row][vc_column width=\u00bb5\/6&#8243; css=\u00bb.vc_custom_1695627558239{margin-top: 2rem !important;}\u00bb][vc_tta_tour][vc_tta_section title=\u00bbMissi\u00f3\u00bb tab_id=\u00bbmissio\u00bb el_class=\u00bbvertical-section\u00bb]<div class=\"eut-element eut-list eut-list-check \" style=\"\"><ul>\n<li class=\"mb-2\">Donar suport i assist\u00e8ncia integral, personalitzada i de qualitat a la gent gran de l&#8217;\u00e0mbit d&#8217;influ\u00e8ncia.<\/li>\n<li class=\"mb-2\">Atendre les seves necessitats socials en relaci\u00f3 a la capacitat d&#8217;ajuda o substituci\u00f3 de les activitats de la vida quotidiana.<\/li>\n<li class=\"mb-2\">Integrar les seves prefer\u00e8ncies, sempre que sigui possible, i donar el suport necessari a les persones que en tenen cura, per facilitar una major cohesi\u00f3 social en la societat.<\/li>\n<\/ul>\n<\/div>[\/vc_tta_section][vc_tta_section title=\u00bbComprom\u00eds amb el medi ambient\u00bb tab_id=\u00bbcompromis\u00bb][vc_row_inner][vc_column_inner width=\u00bb1\/2&#8243;]<div class=\"eut-element eut-image eut-animated-item eut-fadeInDown media eut-align-center\" style=\"\" data-delay=\"200\"><img loading=\"lazy\" decoding=\"async\" width=\"576\" height=\"1024\" src=\"https:\/\/tauli.cat\/sabadellgentgran\/wp-content\/uploads\/2023\/10\/cerrar-brote-suelo-576x1024.jpg\" class=\"attachment-large size-large\" alt=\"\" srcset=\"https:\/\/tauli.cat\/sabadellgentgran\/wp-content\/uploads\/2023\/10\/cerrar-brote-suelo-576x1024.jpg 576w, https:\/\/tauli.cat\/sabadellgentgran\/wp-content\/uploads\/2023\/10\/cerrar-brote-suelo-169x300.jpg 169w, https:\/\/tauli.cat\/sabadellgentgran\/wp-content\/uploads\/2023\/10\/cerrar-brote-suelo-768x1365.jpg 768w, https:\/\/tauli.cat\/sabadellgentgran\/wp-content\/uploads\/2023\/10\/cerrar-brote-suelo-864x1536.jpg 864w, https:\/\/tauli.cat\/sabadellgentgran\/wp-content\/uploads\/2023\/10\/cerrar-brote-suelo-1152x2048.jpg 1152w, https:\/\/tauli.cat\/sabadellgentgran\/wp-content\/uploads\/2023\/10\/cerrar-brote-suelo-1080x1920.jpg 1080w, https:\/\/tauli.cat\/sabadellgentgran\/wp-content\/uploads\/2023\/10\/cerrar-brote-suelo-scaled.jpg 1440w\" sizes=\"(max-width: 576px) 100vw, 576px\" \/><\/div>[\/vc_column_inner][vc_column_inner width=\u00bb1\/2&#8243;][vc_column_text]El Centre disposa d&#8217;una instal\u00b7laci\u00f3 d&#8217;energia solar. Per al seu finan\u00e7ament es va rebre una subvenci\u00f3 de 24.000 \u20ac de la Direcci\u00f3 General d&#8217;Energia i Mines de la Generalitat i una altra de 16.600 \u20ac aportats pel Ministeri d&#8217;Ind\u00fastria i Energia. Aquesta instal\u00b7laci\u00f3 permet un 70% d&#8217;estalvi del cost de l&#8217;aigua calenta sanit\u00e0ria del Centre.<\/p>\n<p>A m\u00e9s a m\u00e9s, en el marc del nostre comprom\u00eds amb el medi ambient, utilitzem bombetes de baix consum i detectors de pres\u00e8ncia, amb l&#8217;objectiu d&#8217;ajustar el consum a les necessitats dels usuaris. D&#8217;altra banda, el jard\u00ed ha estat dissenyat amb plantes aut\u00f2ctones que necessiten poca aigua.[\/vc_column_text][\/vc_column_inner][\/vc_row_inner][\/vc_tta_section][\/vc_tta_tour][\/vc_column][vc_column width=\u00bb1\/6&#8243;][\/vc_column][\/vc_row][vc_row][vc_column]<h2 class=\"eut-element eut-align-left eut-title-line eut-animated-item eut-fadeInDown\" style=\"\" data-delay=\"200\"><span>Organitzaci\u00f3 assistencial<\/span><\/h2>[vc_column_text]L&#8217;organitzaci\u00f3 assistencial est\u00e0 orientada a donar el suport necessari per oferir una assist\u00e8ncia integral i personalitzada als clients, afavorint la seva autonomia i respectant-los les pr\u00f2pies decisions.<\/p>\n<p>L&#8217;equip interporfessional constitueix la base de la din\u00e0mica de treball, realitzant plans d&#8217;atenci\u00f3 personalitzats que integren la visi\u00f3 dels diferents professionals que intervenen en l&#8217;atenci\u00f3.[\/vc_column_text][\/vc_column][\/vc_row][vc_row][vc_column][vc_tta_tour][vc_tta_section title=\u00bbProfessionals d&#8217;atenci\u00f3 directa\u00bb tab_id=\u00bbatencio-directa\u00bb]<div class=\"eut-element eut-box-icon eut-align-left eut-medium\" style=\"\">  <div class=\"eut-wrapper-icon eut-no-shape eut-color-grey\"><i class=\"fas fa-hands-helping eut-color-primary-1\"><\/i><\/div>  <div class=\"eut-box-content\">      <h4 class=\"eut-box-title\">Cuidadors<\/h4>    <p class=\"\">S\u00f3n l&#8217;interlocutor principal i permanent dels clients. Realitzaran totes les activitats encaminades a la cura directa dels usuaris, ajudant-los i potenciant la seva autonomia en totes les activitats de la vida di\u00e0ria, tot proporcionant-los un ambient confortable i vetllant perqu\u00e8 rebin totes les atencions necess\u00e0ries que puguin millorar la seva qualitat de vida. Tamb\u00e9 seran responsables de canalitzar els problemes, tant de salut com socials que puguin tenir els clients, a altres professionals.<\/p>  <\/div><\/div>[\/vc_tta_section][vc_tta_section title=\u00bbProfessionals de suport\u00bb tab_id=\u00bbsuport\u00bb][vc_row_inner][vc_column_inner width=\u00bb1\/2&#8243;]<div class=\"eut-element eut-box-icon eut-align-left eut-small\" style=\"\">  <div class=\"eut-wrapper-icon eut-no-shape eut-color-grey\"><i class=\"fas fa-chalkboard-teacher eut-color-blue\"><\/i><\/div>  <div class=\"eut-box-content\">      <h4 class=\"eut-box-title\">Animaci\u00f3 sociocultural i monitors<\/h4>    <p class=\"\">Configuren el grup de suport que planifica, organitza i realitza totes les activitats recreatives, ludicoterap\u00e8utiques, educatives i culturals necess\u00e0ries, amb la finalitat de complir els objectius establerts en el pla d&#8217;atenci\u00f3 personalitzat.<\/p>  <\/div><\/div>[\/vc_column_inner][vc_column_inner width=\u00bb1\/2&#8243;]<div class=\"eut-element eut-box-icon eut-align-left eut-small\" style=\"\">  <div class=\"eut-wrapper-icon eut-no-shape eut-color-grey\"><i class=\"fas fa-user-check eut-color-primary-2\"><\/i><\/div>  <div class=\"eut-box-content\">      <h4 class=\"eut-box-title\">Cambreres<\/h4>    <p class=\"\">S\u00f3n les professionals que realitzaran totes les activitats relacionades amb l&#8217;hoteleria que ajudin al client a gaudir d&#8217;un entorn confortable i de seguretat.<\/p>  <\/div><\/div>[\/vc_column_inner][\/vc_row_inner][\/vc_tta_section][vc_tta_section title=\u00bbProfessionals especialistes\u00bb tab_id=\u00bbespecialistes\u00bb][vc_row_inner][vc_column_inner width=\u00bb1\/3&#8243;]<div class=\"eut-element eut-box-icon eut-align-left eut-small doctor\" style=\"\">  <div class=\"eut-wrapper-icon eut-no-shape eut-color-grey\"><i class=\"fas fa-user-md eut-color-primary-1\"><\/i><\/div>  <div class=\"eut-box-content\">      <h5 class=\"eut-box-title\">Metge<\/h5>  <\/div><\/div>[\/vc_column_inner][vc_column_inner width=\u00bb1\/3&#8243;]<div class=\"eut-element eut-box-icon eut-align-left eut-small nurse\" style=\"\">  <div class=\"eut-wrapper-icon eut-no-shape eut-color-grey\"><i class=\"fas fa-user-nurse eut-color-orange\"><\/i><\/div>  <div class=\"eut-box-content\">      <h5 class=\"eut-box-title\">Infermeres<\/h5>  <\/div><\/div>[\/vc_column_inner][vc_column_inner width=\u00bb1\/3&#8243;]<div class=\"eut-element eut-box-icon eut-align-left eut-small fisio\" style=\"\">  <div class=\"eut-wrapper-icon eut-no-shape eut-color-grey\"><i class=\"fas fa-bone eut-color-grey\"><\/i><\/div>  <div class=\"eut-box-content\">      <h5 class=\"eut-box-title\">Fisioterap\u00e8utes<\/h5>  <\/div><\/div>[\/vc_column_inner][\/vc_row_inner][vc_row_inner][vc_column_inner width=\u00bb1\/3&#8243;]<div class=\"eut-element eut-box-icon eut-align-left eut-small social-workers\" style=\"\">  <div class=\"eut-wrapper-icon eut-no-shape eut-color-grey\"><i class=\"fas fa-users eut-color-purple\"><\/i><\/div>  <div class=\"eut-box-content\">      <h5 class=\"eut-box-title\">Treballadors socials<\/h5>  <\/div><\/div>[\/vc_column_inner][vc_column_inner width=\u00bb1\/3&#8243;]<div class=\"eut-element eut-box-icon eut-align-left eut-small psico\" style=\"\">  <div class=\"eut-wrapper-icon eut-no-shape eut-color-grey\"><i class=\"fas fa-brain eut-color-orange\"><\/i><\/div>  <div class=\"eut-box-content\">      <h5 class=\"eut-box-title\">Psic\u00f2legs<\/h5>  <\/div><\/div>[\/vc_column_inner][vc_column_inner width=\u00bb1\/3&#8243;]<div class=\"eut-element eut-box-icon eut-align-left eut-small therapy\" style=\"\">  <div class=\"eut-wrapper-icon eut-no-shape eut-color-grey\"><i class=\"fas fa-user-alt eut-color-primary-1\"><\/i><\/div>  <div class=\"eut-box-content\">      <h5 class=\"eut-box-title\">Terap\u00e8utes ocupacionals<\/h5>  <\/div><\/div>[\/vc_column_inner][\/vc_row_inner]<blockquote class=\"eut-element eut-animated-item eut-fadeInDown\" style=\"margin-bottom: 2rem;\" data-delay=\"200\"><p>A m\u00e9s a m\u00e9s d&#8217;efectuar les t\u00e8cniques relacionades amb els seus \u00e0mbits de coneixement, realitzaran activitats formatives per als professionals, els clients i les seves fam\u00edlies. Tamb\u00e9 potenciaran mesures preventives i d&#8217;educaci\u00f3 sanit\u00e0ria coordinades amb l&#8217;atenci\u00f3 prim\u00e0ria.<\/p><\/blockquote>[\/vc_tta_section][\/vc_tta_tour][\/vc_column][\/vc_row][vc_row][vc_column]<h2 class=\"eut-element eut-align-left eut-title-line eut-animated-item eut-fadeInDown\" style=\"\" data-delay=\"200\"><span>Fem hist\u00f2ria: del Nen Jes\u00fas a Sabadell Gent Gran<\/span><\/h2>[vc_row_inner][vc_column_inner width=\u00bb1\/4&#8243;][\/vc_column_inner][vc_column_inner width=\u00bb1\/2&#8243;]<div class=\"eut-element eut-list eut-list-circle card\" style=\"\"><ul>\n<li>1952-1956: Es construeix l&#8217;edifici que acollir\u00e0 l&#8217;Alberg Infantil del Nen Jes\u00fas, que s&#8217;inaugura el 18 de juliol de 1956.<\/li>\n<li>Maig de 1962: Incorporaci\u00f3 de l&#8217;edifici a l&#8217;Obra Social de la Caixa d&#8217;Estalvis de Sabadell, com a Cl\u00ednica Infantil del Nen Jes\u00fas.<\/li>\n<li>1987: Integraci\u00f3 al Consorci Hospitalari Parc Taul\u00ed, coincidint amb la seva creaci\u00f3.<\/li>\n<li>26 de setembre de 1995: Es trasllada Neonatologia a l&#8217;edifici Santa Fe.<\/li>\n<li>15 d&#8217;octubre de 1997: Finalitza el trasllat de la resta de serveis de Pediatria a l&#8217;edifici Taul\u00ed.<\/li>\n<li>2 de desembre de 1999: La Consellera de Benestar Social de la Generalitat, Irene Rigau, presideix l&#8217;acte de presentaci\u00f3 del projecte de Sabadell Gent Gran Centre de Serveis.<\/li>\n<li>Maig de 2000: S&#8217;inicien les obres, que tenen un termini d&#8217;execuci\u00f3 de 15 mesos.<\/li>\n<li>23 de maig de 2000: Presentaci\u00f3 oficial dels serveis de Taul\u00ed Aprop, els primers serveis gestionats per Sabadell Gent Gran que s&#8217;ofereixen als ciutadans.<\/li>\n<li>15 d&#8217;octubre de 2001: S&#8217;inicia l&#8217;activitat de Sabadell Gent Gran Centre de Serveis.<\/li>\n<\/ul>\n<\/div>[\/vc_column_inner][vc_column_inner width=\u00bb1\/4&#8243;][\/vc_column_inner][\/vc_row_inner][\/vc_column][\/vc_row]<\/p>\n<\/section>","protected":false},"excerpt":{"rendered":"<p>[vc_row][vc_column][vc_row_inner][vc_column_inner width=\u00bb2\/3&#8243;][vc_column_text animation=\u00bbfadeInDown\u00bb el_class=\u00bbdescription\u00bb]Sabadell Gent Gran \u00e9s un centre de serveis orientat a cobrir les necessitats de la gent gran. Aquesta atenci\u00f3 es d\u00f3na a les instal\u00b7lacions del centre (Resid\u00e8ncia, Centre de dia, Apartaments tutelats), i\/o al domicili propi de l&#8217;usuari, en aquest darrer cas a trav\u00e9s dels serveis de Taul\u00ed Aprop. Sabadell Gent Gran [&hellip;]<\/p>\n","protected":false},"author":1,"featured_media":0,"parent":0,"menu_order":0,"comment_status":"closed","ping_status":"closed","template":"","meta":{"footnotes":""},"class_list":["post-68","page","type-page","status-publish","hentry"],"_links":{"self":[{"href":"https:\/\/tauli.cat\/sabadellgentgran\/wp-json\/wp\/v2\/pages\/68"}],"collection":[{"href":"https:\/\/tauli.cat\/sabadellgentgran\/wp-json\/wp\/v2\/pages"}],"about":[{"href":"https:\/\/tauli.cat\/sabadellgentgran\/wp-json\/wp\/v2\/types\/page"}],"author":[{"embeddable":true,"href":"https:\/\/tauli.cat\/sabadellgentgran\/wp-json\/wp\/v2\/users\/1"}],"replies":[{"embeddable":true,"href":"https:\/\/tauli.cat\/sabadellgentgran\/wp-json\/wp\/v2\/comments?post=68"}],"version-history":[{"count":5,"href":"https:\/\/tauli.cat\/sabadellgentgran\/wp-json\/wp\/v2\/pages\/68\/revisions"}],"predecessor-version":[{"id":230,"href":"https:\/\/tauli.cat\/sabadellgentgran\/wp-json\/wp\/v2\/pages\/68\/revisions\/230"}],"wp:attachment":[{"href":"https:\/\/tauli.cat\/sabadellgentgran\/wp-json\/wp\/v2\/media?parent=68"}],"curies":[{"name":"wp","href":"https:\/\/api.w.org\/{rel}","templated":true}]}}